{"id":353,"date":"2023-05-22T10:56:35","date_gmt":"2023-05-22T13:56:35","guid":{"rendered":"https:\/\/contiq.com.br\/?page_id=353"},"modified":"2023-05-24T10:47:42","modified_gmt":"2023-05-24T13:47:42","slug":"imposto-de-renda","status":"publish","type":"page","link":"https:\/\/contiq.com.br\/index.php\/imposto-de-renda\/","title":{"rendered":"Imposto de Renda"},"content":{"rendered":"\t\t<div data-elementor-type=\"wp-page\" data-elementor-id=\"353\" class=\"elementor elementor-353\">\n\t\t\t\t\t\t\t<div class=\"elementor-element elementor-element-eb752f8 e-con-boxed e-flex e-con\" data-id=\"eb752f8\" data-element_type=\"container\" data-settings=\"{&quot;background_background&quot;:&quot;classic&quot;,&quot;content_width&quot;:&quot;boxed&quot;}\">\n\t\t\t\t\t<div class=\"e-con-inner\">\n\t\t<div class=\"elementor-element elementor-element-8ffb75b e-con-full e-flex e-con\" data-id=\"8ffb75b\" data-element_type=\"container\" data-settings=\"{&quot;content_width&quot;:&quot;full&quot;,&quot;background_background&quot;:&quot;classic&quot;}\">\n\t\t<div class=\"elementor-element elementor-element-c5aebd3 e-con-full e-flex e-con\" data-id=\"c5aebd3\" data-element_type=\"container\" data-settings=\"{&quot;content_width&quot;:&quot;full&quot;}\">\n\t\t\t\t<div class=\"elementor-element elementor-element-5bae220 elementor-widget__width-initial elementor-widget elementor-widget-image\" data-id=\"5bae220\" data-element_type=\"widget\" data-widget_type=\"image.default\">\n\t\t\t\t<div class=\"elementor-widget-container\">\n\t\t\t<style>\/*! elementor - v3.13.2 - 11-05-2023 *\/\n.elementor-widget-image{text-align:center}.elementor-widget-image a{display:inline-block}.elementor-widget-image a img[src$=\".svg\"]{width:48px}.elementor-widget-image img{vertical-align:middle;display:inline-block}<\/style>\t\t\t\t\t\t\t\t\t\t\t\t<img loading=\"lazy\" decoding=\"async\" width=\"300\" height=\"210\" src=\"https:\/\/contiq.com.br\/wp-content\/uploads\/2023\/05\/accounting-black-budget-53621-aspect-ratio-500x350-1-300x210.jpg\" class=\"attachment-medium size-medium wp-image-284\" alt=\"\" srcset=\"https:\/\/contiq.com.br\/wp-content\/uploads\/2023\/05\/accounting-black-budget-53621-aspect-ratio-500x350-1-300x210.jpg 300w, https:\/\/contiq.com.br\/wp-content\/uploads\/2023\/05\/accounting-black-budget-53621-aspect-ratio-500x350-1-1024x717.jpg 1024w, https:\/\/contiq.com.br\/wp-content\/uploads\/2023\/05\/accounting-black-budget-53621-aspect-ratio-500x350-1-768x538.jpg 768w, https:\/\/contiq.com.br\/wp-content\/uploads\/2023\/05\/accounting-black-budget-53621-aspect-ratio-500x350-1-1536x1075.jpg 1536w, https:\/\/contiq.com.br\/wp-content\/uploads\/2023\/05\/accounting-black-budget-53621-aspect-ratio-500x350-1.jpg 1616w\" sizes=\"auto, (max-width: 300px) 100vw, 300px\" \/>\t\t\t\t\t\t\t\t\t\t\t\t\t\t\t<\/div>\n\t\t\t\t<\/div>\n\t\t<div class=\"elementor-element elementor-element-88987d4 e-con-full e-flex e-con\" data-id=\"88987d4\" data-element_type=\"container\" data-settings=\"{&quot;content_width&quot;:&quot;full&quot;}\">\n\t\t\t\t<div class=\"elementor-element elementor-element-6030711 elementor-widget elementor-widget-heading\" data-id=\"6030711\" data-element_type=\"widget\" data-widget_type=\"heading.default\">\n\t\t\t\t<div class=\"elementor-widget-container\">\n\t\t\t<style>\/*! elementor - v3.13.2 - 11-05-2023 *\/\n.elementor-heading-title{padding:0;margin:0;line-height:1}.elementor-widget-heading .elementor-heading-title[class*=elementor-size-]>a{color:inherit;font-size:inherit;line-height:inherit}.elementor-widget-heading .elementor-heading-title.elementor-size-small{font-size:15px}.elementor-widget-heading .elementor-heading-title.elementor-size-medium{font-size:19px}.elementor-widget-heading .elementor-heading-title.elementor-size-large{font-size:29px}.elementor-widget-heading .elementor-heading-title.elementor-size-xl{font-size:39px}.elementor-widget-heading .elementor-heading-title.elementor-size-xxl{font-size:59px}<\/style><h2 class=\"elementor-heading-title elementor-size-default\">Imposto de Renda<\/h2>\t\t<\/div>\n\t\t\t\t<\/div>\n\t\t\t\t<div class=\"elementor-element elementor-element-f128f5f elementor-widget elementor-widget-text-editor\" data-id=\"f128f5f\" data-element_type=\"widget\" data-widget_type=\"text-editor.default\">\n\t\t\t\t<div class=\"elementor-widget-container\">\n\t\t\t<style>\/*! elementor - v3.13.2 - 11-05-2023 *\/\n.elementor-widget-text-editor.elementor-drop-cap-view-stacked .elementor-drop-cap{background-color:#69727d;color:#fff}.elementor-widget-text-editor.elementor-drop-cap-view-framed .elementor-drop-cap{color:#69727d;border:3px solid;background-color:transparent}.elementor-widget-text-editor:not(.elementor-drop-cap-view-default) .elementor-drop-cap{margin-top:8px}.elementor-widget-text-editor:not(.elementor-drop-cap-view-default) .elementor-drop-cap-letter{width:1em;height:1em}.elementor-widget-text-editor .elementor-drop-cap{float:left;text-align:center;line-height:1;font-size:50px}.elementor-widget-text-editor .elementor-drop-cap-letter{display:inline-block}<\/style>\t\t\t\t<p>An\u00e1lise, orienta\u00e7\u00e3o e controle da aplica\u00e7\u00e3o dos dispositivos legais vigentes;<\/p><p>Declara\u00e7\u00e3o de Imposto de Renda Pessoa Jur\u00eddica;<\/p><p>Declara\u00e7\u00e3o de Imposto de Renda Pessoa F\u00edsica;<\/p><p>Declara\u00e7\u00e3o Final de Esp\u00f3lio;<\/p><p>Livro Caixa.<\/p>\t\t\t\t\t\t<\/div>\n\t\t\t\t<\/div>\n\t\t\t\t<\/div>\n\t\t\t\t<\/div>\n\t\t\t\t<\/div>\n\t\t\t\t\t<\/div>\n\t\t\t\t<\/div>\n\t\t\t\t\t\t\t<\/div>\n\t\t","protected":false},"excerpt":{"rendered":"<p>Imposto de Renda An\u00e1lise, orienta\u00e7\u00e3o e controle da aplica\u00e7\u00e3o dos dispositivos legais vigentes; Declara\u00e7\u00e3o de Imposto de Renda Pessoa Jur\u00eddica; Declara\u00e7\u00e3o de Imposto de Renda Pessoa F\u00edsica; Declara\u00e7\u00e3o Final de Esp\u00f3lio; Livro Caixa.<\/p>\n","protected":false},"author":1,"featured_media":0,"parent":0,"menu_order":0,"comment_status":"closed","ping_status":"closed","template":"","meta":{"site-sidebar-layout":"no-sidebar","site-content-layout":"page-builder","ast-global-header-display":"","ast-banner-title-visibility":"","ast-main-header-display":"","ast-hfb-above-header-display":"","ast-hfb-below-header-display":"","ast-hfb-mobile-header-display":"","site-post-title":"disabled","ast-breadcrumbs-content":"","ast-featured-img":"disabled","footer-sml-layout":"","theme-transparent-header-meta":"","adv-header-id-meta":"","stick-header-meta":"","header-above-stick-meta":"","header-main-stick-meta":"","header-below-stick-meta":"","footnotes":""},"class_list":["post-353","page","type-page","status-publish","hentry"],"yoast_head":"<!-- This site is optimized with the Yoast SEO plugin v20.7 - https:\/\/yoast.com\/wordpress\/plugins\/seo\/ -->\n<title>Imposto de Renda - Contiq<\/title>\n<meta name=\"robots\" content=\"index, follow, max-snippet:-1, max-image-preview:large, max-video-preview:-1\" \/>\n<link rel=\"canonical\" href=\"https:\/\/contiq.com.br\/index.php\/imposto-de-renda\/\" \/>\n<meta property=\"og:locale\" content=\"en_US\" \/>\n<meta property=\"og:type\" content=\"article\" \/>\n<meta property=\"og:title\" content=\"Imposto de Renda - Contiq\" \/>\n<meta property=\"og:description\" content=\"Imposto de Renda An\u00e1lise, orienta\u00e7\u00e3o e controle da aplica\u00e7\u00e3o dos dispositivos legais vigentes; Declara\u00e7\u00e3o de Imposto de Renda Pessoa Jur\u00eddica; Declara\u00e7\u00e3o de Imposto de Renda Pessoa F\u00edsica; Declara\u00e7\u00e3o Final de Esp\u00f3lio; Livro Caixa.\" \/>\n<meta property=\"og:url\" content=\"https:\/\/contiq.com.br\/index.php\/imposto-de-renda\/\" \/>\n<meta property=\"og:site_name\" content=\"Contiq\" \/>\n<meta property=\"article:modified_time\" content=\"2023-05-24T13:47:42+00:00\" \/>\n<meta property=\"og:image\" content=\"https:\/\/contiq.com.br\/wp-content\/uploads\/2023\/05\/accounting-black-budget-53621-aspect-ratio-500x350-1-300x210.jpg\" \/>\n<meta name=\"twitter:card\" content=\"summary_large_image\" \/>\n<meta name=\"twitter:label1\" content=\"Est. reading time\" \/>\n\t<meta name=\"twitter:data1\" content=\"1 minute\" \/>\n<script type=\"application\/ld+json\" class=\"yoast-schema-graph\">{\"@context\":\"https:\/\/schema.org\",\"@graph\":[{\"@type\":\"WebPage\",\"@id\":\"https:\/\/contiq.com.br\/index.php\/imposto-de-renda\/\",\"url\":\"https:\/\/contiq.com.br\/index.php\/imposto-de-renda\/\",\"name\":\"Imposto de Renda - Contiq\",\"isPartOf\":{\"@id\":\"https:\/\/contiq.com.br\/#website\"},\"datePublished\":\"2023-05-22T13:56:35+00:00\",\"dateModified\":\"2023-05-24T13:47:42+00:00\",\"breadcrumb\":{\"@id\":\"https:\/\/contiq.com.br\/index.php\/imposto-de-renda\/#breadcrumb\"},\"inLanguage\":\"en-US\",\"potentialAction\":[{\"@type\":\"ReadAction\",\"target\":[\"https:\/\/contiq.com.br\/index.php\/imposto-de-renda\/\"]}]},{\"@type\":\"BreadcrumbList\",\"@id\":\"https:\/\/contiq.com.br\/index.php\/imposto-de-renda\/#breadcrumb\",\"itemListElement\":[{\"@type\":\"ListItem\",\"position\":1,\"name\":\"In\u00edcio\",\"item\":\"https:\/\/contiq.com.br\/\"},{\"@type\":\"ListItem\",\"position\":2,\"name\":\"Imposto de Renda\"}]},{\"@type\":\"WebSite\",\"@id\":\"https:\/\/contiq.com.br\/#website\",\"url\":\"https:\/\/contiq.com.br\/\",\"name\":\"Contiq\",\"description\":\"Contabilidade digital\",\"publisher\":{\"@id\":\"https:\/\/contiq.com.br\/#organization\"},\"potentialAction\":[{\"@type\":\"SearchAction\",\"target\":{\"@type\":\"EntryPoint\",\"urlTemplate\":\"https:\/\/contiq.com.br\/?s={search_term_string}\"},\"query-input\":\"required name=search_term_string\"}],\"inLanguage\":\"en-US\"},{\"@type\":\"Organization\",\"@id\":\"https:\/\/contiq.com.br\/#organization\",\"name\":\"Contiq\",\"url\":\"https:\/\/contiq.com.br\/\",\"logo\":{\"@type\":\"ImageObject\",\"inLanguage\":\"en-US\",\"@id\":\"https:\/\/contiq.com.br\/#\/schema\/logo\/image\/\",\"url\":\"https:\/\/contiq.com.br\/wp-content\/uploads\/2023\/05\/ssAtivo-2LOGO-CONTIQ.svg\",\"contentUrl\":\"https:\/\/contiq.com.br\/wp-content\/uploads\/2023\/05\/ssAtivo-2LOGO-CONTIQ.svg\",\"width\":1479,\"height\":372,\"caption\":\"Contiq\"},\"image\":{\"@id\":\"https:\/\/contiq.com.br\/#\/schema\/logo\/image\/\"}}]}<\/script>\n<!-- \/ Yoast SEO plugin. -->","yoast_head_json":{"title":"Imposto de Renda - Contiq","robots":{"index":"index","follow":"follow","max-snippet":"max-snippet:-1","max-image-preview":"max-image-preview:large","max-video-preview":"max-video-preview:-1"},"canonical":"https:\/\/contiq.com.br\/index.php\/imposto-de-renda\/","og_locale":"en_US","og_type":"article","og_title":"Imposto de Renda - Contiq","og_description":"Imposto de Renda An\u00e1lise, orienta\u00e7\u00e3o e controle da aplica\u00e7\u00e3o dos dispositivos legais vigentes; Declara\u00e7\u00e3o de Imposto de Renda Pessoa Jur\u00eddica; Declara\u00e7\u00e3o de Imposto de Renda Pessoa F\u00edsica; Declara\u00e7\u00e3o Final de Esp\u00f3lio; Livro Caixa.","og_url":"https:\/\/contiq.com.br\/index.php\/imposto-de-renda\/","og_site_name":"Contiq","article_modified_time":"2023-05-24T13:47:42+00:00","og_image":[{"url":"https:\/\/contiq.com.br\/wp-content\/uploads\/2023\/05\/accounting-black-budget-53621-aspect-ratio-500x350-1-300x210.jpg"}],"twitter_card":"summary_large_image","twitter_misc":{"Est. reading time":"1 minute"},"schema":{"@context":"https:\/\/schema.org","@graph":[{"@type":"WebPage","@id":"https:\/\/contiq.com.br\/index.php\/imposto-de-renda\/","url":"https:\/\/contiq.com.br\/index.php\/imposto-de-renda\/","name":"Imposto de Renda - Contiq","isPartOf":{"@id":"https:\/\/contiq.com.br\/#website"},"datePublished":"2023-05-22T13:56:35+00:00","dateModified":"2023-05-24T13:47:42+00:00","breadcrumb":{"@id":"https:\/\/contiq.com.br\/index.php\/imposto-de-renda\/#breadcrumb"},"inLanguage":"en-US","potentialAction":[{"@type":"ReadAction","target":["https:\/\/contiq.com.br\/index.php\/imposto-de-renda\/"]}]},{"@type":"BreadcrumbList","@id":"https:\/\/contiq.com.br\/index.php\/imposto-de-renda\/#breadcrumb","itemListElement":[{"@type":"ListItem","position":1,"name":"In\u00edcio","item":"https:\/\/contiq.com.br\/"},{"@type":"ListItem","position":2,"name":"Imposto de Renda"}]},{"@type":"WebSite","@id":"https:\/\/contiq.com.br\/#website","url":"https:\/\/contiq.com.br\/","name":"Contiq","description":"Contabilidade digital","publisher":{"@id":"https:\/\/contiq.com.br\/#organization"},"potentialAction":[{"@type":"SearchAction","target":{"@type":"EntryPoint","urlTemplate":"https:\/\/contiq.com.br\/?s={search_term_string}"},"query-input":"required name=search_term_string"}],"inLanguage":"en-US"},{"@type":"Organization","@id":"https:\/\/contiq.com.br\/#organization","name":"Contiq","url":"https:\/\/contiq.com.br\/","logo":{"@type":"ImageObject","inLanguage":"en-US","@id":"https:\/\/contiq.com.br\/#\/schema\/logo\/image\/","url":"https:\/\/contiq.com.br\/wp-content\/uploads\/2023\/05\/ssAtivo-2LOGO-CONTIQ.svg","contentUrl":"https:\/\/contiq.com.br\/wp-content\/uploads\/2023\/05\/ssAtivo-2LOGO-CONTIQ.svg","width":1479,"height":372,"caption":"Contiq"},"image":{"@id":"https:\/\/contiq.com.br\/#\/schema\/logo\/image\/"}}]}},"_links":{"self":[{"href":"https:\/\/contiq.com.br\/index.php\/wp-json\/wp\/v2\/pages\/353","targetHints":{"allow":["GET"]}}],"collection":[{"href":"https:\/\/contiq.com.br\/index.php\/wp-json\/wp\/v2\/pages"}],"about":[{"href":"https:\/\/contiq.com.br\/index.php\/wp-json\/wp\/v2\/types\/page"}],"author":[{"embeddable":true,"href":"https:\/\/contiq.com.br\/index.php\/wp-json\/wp\/v2\/users\/1"}],"replies":[{"embeddable":true,"href":"https:\/\/contiq.com.br\/index.php\/wp-json\/wp\/v2\/comments?post=353"}],"version-history":[{"count":4,"href":"https:\/\/contiq.com.br\/index.php\/wp-json\/wp\/v2\/pages\/353\/revisions"}],"predecessor-version":[{"id":372,"href":"https:\/\/contiq.com.br\/index.php\/wp-json\/wp\/v2\/pages\/353\/revisions\/372"}],"wp:attachment":[{"href":"https:\/\/contiq.com.br\/index.php\/wp-json\/wp\/v2\/media?parent=353"}],"curies":[{"name":"wp","href":"https:\/\/api.w.org\/{rel}","templated":true}]}}