{"id":359,"date":"2023-05-22T10:58:09","date_gmt":"2023-05-22T13:58:09","guid":{"rendered":"https:\/\/contiq.com.br\/?page_id=359"},"modified":"2023-05-24T11:29:20","modified_gmt":"2023-05-24T14:29:20","slug":"inscricoes-e-alvaras","status":"publish","type":"page","link":"https:\/\/contiq.com.br\/index.php\/inscricoes-e-alvaras\/","title":{"rendered":"Inscri\u00e7\u00f5es e Alvar\u00e1s"},"content":{"rendered":"\t\t<div data-elementor-type=\"wp-page\" data-elementor-id=\"359\" class=\"elementor elementor-359\">\n\t\t\t\t\t\t\t<div class=\"elementor-element elementor-element-729da15 e-con-boxed e-flex e-con\" data-id=\"729da15\" data-element_type=\"container\" data-settings=\"{&quot;background_background&quot;:&quot;classic&quot;,&quot;content_width&quot;:&quot;boxed&quot;}\">\n\t\t\t\t\t<div class=\"e-con-inner\">\n\t\t<div class=\"elementor-element elementor-element-9718d82 e-con-full e-flex e-con\" data-id=\"9718d82\" data-element_type=\"container\" data-settings=\"{&quot;content_width&quot;:&quot;full&quot;,&quot;background_background&quot;:&quot;classic&quot;}\">\n\t\t<div class=\"elementor-element elementor-element-b861e4b e-con-full e-flex e-con\" data-id=\"b861e4b\" data-element_type=\"container\" data-settings=\"{&quot;content_width&quot;:&quot;full&quot;}\">\n\t\t\t\t<div class=\"elementor-element elementor-element-526840f elementor-widget__width-initial elementor-widget elementor-widget-image\" data-id=\"526840f\" data-element_type=\"widget\" data-widget_type=\"image.default\">\n\t\t\t\t<div class=\"elementor-widget-container\">\n\t\t\t<style>\/*! elementor - v3.13.2 - 11-05-2023 *\/\n.elementor-widget-image{text-align:center}.elementor-widget-image a{display:inline-block}.elementor-widget-image a img[src$=\".svg\"]{width:48px}.elementor-widget-image img{vertical-align:middle;display:inline-block}<\/style>\t\t\t\t\t\t\t\t\t\t\t\t<img loading=\"lazy\" decoding=\"async\" width=\"300\" height=\"210\" src=\"https:\/\/contiq.com.br\/wp-content\/uploads\/2023\/05\/IMG_8616-1807-aspect-ratio-500x350-1-300x210.jpg\" class=\"attachment-medium size-medium wp-image-282\" alt=\"\" srcset=\"https:\/\/contiq.com.br\/wp-content\/uploads\/2023\/05\/IMG_8616-1807-aspect-ratio-500x350-1-300x210.jpg 300w, https:\/\/contiq.com.br\/wp-content\/uploads\/2023\/05\/IMG_8616-1807-aspect-ratio-500x350-1-1024x717.jpg 1024w, https:\/\/contiq.com.br\/wp-content\/uploads\/2023\/05\/IMG_8616-1807-aspect-ratio-500x350-1-768x537.jpg 768w, https:\/\/contiq.com.br\/wp-content\/uploads\/2023\/05\/IMG_8616-1807-aspect-ratio-500x350-1-1536x1075.jpg 1536w, https:\/\/contiq.com.br\/wp-content\/uploads\/2023\/05\/IMG_8616-1807-aspect-ratio-500x350-1.jpg 1829w\" sizes=\"auto, (max-width: 300px) 100vw, 300px\" \/>\t\t\t\t\t\t\t\t\t\t\t\t\t\t\t<\/div>\n\t\t\t\t<\/div>\n\t\t<div class=\"elementor-element elementor-element-176089f e-con-full e-flex e-con\" data-id=\"176089f\" data-element_type=\"container\" data-settings=\"{&quot;content_width&quot;:&quot;full&quot;}\">\n\t\t\t\t<div class=\"elementor-element elementor-element-9b2e69b elementor-widget elementor-widget-heading\" data-id=\"9b2e69b\" data-element_type=\"widget\" data-widget_type=\"heading.default\">\n\t\t\t\t<div class=\"elementor-widget-container\">\n\t\t\t<style>\/*! elementor - v3.13.2 - 11-05-2023 *\/\n.elementor-heading-title{padding:0;margin:0;line-height:1}.elementor-widget-heading .elementor-heading-title[class*=elementor-size-]>a{color:inherit;font-size:inherit;line-height:inherit}.elementor-widget-heading .elementor-heading-title.elementor-size-small{font-size:15px}.elementor-widget-heading .elementor-heading-title.elementor-size-medium{font-size:19px}.elementor-widget-heading .elementor-heading-title.elementor-size-large{font-size:29px}.elementor-widget-heading .elementor-heading-title.elementor-size-xl{font-size:39px}.elementor-widget-heading .elementor-heading-title.elementor-size-xxl{font-size:59px}<\/style><h2 class=\"elementor-heading-title elementor-size-default\">Inscri\u00e7\u00f5es e Alvar\u00e1s<\/h2>\t\t<\/div>\n\t\t\t\t<\/div>\n\t\t\t\t<div class=\"elementor-element elementor-element-9fc5a02 elementor-widget elementor-widget-text-editor\" data-id=\"9fc5a02\" data-element_type=\"widget\" data-widget_type=\"text-editor.default\">\n\t\t\t\t<div class=\"elementor-widget-container\">\n\t\t\t<style>\/*! elementor - v3.13.2 - 11-05-2023 *\/\n.elementor-widget-text-editor.elementor-drop-cap-view-stacked .elementor-drop-cap{background-color:#69727d;color:#fff}.elementor-widget-text-editor.elementor-drop-cap-view-framed .elementor-drop-cap{color:#69727d;border:3px solid;background-color:transparent}.elementor-widget-text-editor:not(.elementor-drop-cap-view-default) .elementor-drop-cap{margin-top:8px}.elementor-widget-text-editor:not(.elementor-drop-cap-view-default) .elementor-drop-cap-letter{width:1em;height:1em}.elementor-widget-text-editor .elementor-drop-cap{float:left;text-align:center;line-height:1;font-size:50px}.elementor-widget-text-editor .elementor-drop-cap-letter{display:inline-block}<\/style>\t\t\t\t<p>Prefeitura;<\/p><p>Vigil\u00e2ncia Sanit\u00e1ria;<\/p><p>Corpo de Bombeiro;<\/p><p>Receita Federal &#8211; CNPJ;<\/p><p>Receita Estadual &#8211; ICMS.<\/p>\t\t\t\t\t\t<\/div>\n\t\t\t\t<\/div>\n\t\t\t\t<\/div>\n\t\t\t\t<\/div>\n\t\t\t\t<\/div>\n\t\t\t\t\t<\/div>\n\t\t\t\t<\/div>\n\t\t\t\t\t\t\t<\/div>\n\t\t","protected":false},"excerpt":{"rendered":"<p>Inscri\u00e7\u00f5es e Alvar\u00e1s Prefeitura; Vigil\u00e2ncia Sanit\u00e1ria; Corpo de Bombeiro; Receita Federal &#8211; CNPJ; Receita Estadual &#8211; ICMS.<\/p>\n","protected":false},"author":1,"featured_media":0,"parent":0,"menu_order":0,"comment_status":"closed","ping_status":"closed","template":"","meta":{"site-sidebar-layout":"no-sidebar","site-content-layout":"page-builder","ast-global-header-display":"","ast-banner-title-visibility":"","ast-main-header-display":"","ast-hfb-above-header-display":"","ast-hfb-below-header-display":"","ast-hfb-mobile-header-display":"","site-post-title":"disabled","ast-breadcrumbs-content":"","ast-featured-img":"disabled","footer-sml-layout":"","theme-transparent-header-meta":"","adv-header-id-meta":"","stick-header-meta":"","header-above-stick-meta":"","header-main-stick-meta":"","header-below-stick-meta":"","footnotes":""},"class_list":["post-359","page","type-page","status-publish","hentry"],"yoast_head":"<!-- This site is optimized with the Yoast SEO plugin v20.7 - https:\/\/yoast.com\/wordpress\/plugins\/seo\/ -->\n<title>Inscri\u00e7\u00f5es e Alvar\u00e1s - Contiq<\/title>\n<meta name=\"robots\" content=\"index, follow, max-snippet:-1, max-image-preview:large, max-video-preview:-1\" \/>\n<link rel=\"canonical\" href=\"https:\/\/contiq.com.br\/index.php\/inscricoes-e-alvaras\/\" \/>\n<meta property=\"og:locale\" content=\"en_US\" \/>\n<meta property=\"og:type\" content=\"article\" \/>\n<meta property=\"og:title\" content=\"Inscri\u00e7\u00f5es e Alvar\u00e1s - Contiq\" \/>\n<meta property=\"og:description\" content=\"Inscri\u00e7\u00f5es e Alvar\u00e1s Prefeitura; Vigil\u00e2ncia Sanit\u00e1ria; Corpo de Bombeiro; Receita Federal &#8211; CNPJ; Receita Estadual &#8211; ICMS.\" \/>\n<meta property=\"og:url\" content=\"https:\/\/contiq.com.br\/index.php\/inscricoes-e-alvaras\/\" \/>\n<meta property=\"og:site_name\" content=\"Contiq\" \/>\n<meta property=\"article:modified_time\" content=\"2023-05-24T14:29:20+00:00\" \/>\n<meta property=\"og:image\" content=\"https:\/\/contiq.com.br\/wp-content\/uploads\/2023\/05\/IMG_8616-1807-aspect-ratio-500x350-1-300x210.jpg\" \/>\n<meta name=\"twitter:card\" content=\"summary_large_image\" \/>\n<meta name=\"twitter:label1\" content=\"Est. reading time\" \/>\n\t<meta name=\"twitter:data1\" content=\"1 minute\" \/>\n<script type=\"application\/ld+json\" class=\"yoast-schema-graph\">{\"@context\":\"https:\/\/schema.org\",\"@graph\":[{\"@type\":\"WebPage\",\"@id\":\"https:\/\/contiq.com.br\/index.php\/inscricoes-e-alvaras\/\",\"url\":\"https:\/\/contiq.com.br\/index.php\/inscricoes-e-alvaras\/\",\"name\":\"Inscri\u00e7\u00f5es e Alvar\u00e1s - Contiq\",\"isPartOf\":{\"@id\":\"https:\/\/contiq.com.br\/#website\"},\"datePublished\":\"2023-05-22T13:58:09+00:00\",\"dateModified\":\"2023-05-24T14:29:20+00:00\",\"breadcrumb\":{\"@id\":\"https:\/\/contiq.com.br\/index.php\/inscricoes-e-alvaras\/#breadcrumb\"},\"inLanguage\":\"en-US\",\"potentialAction\":[{\"@type\":\"ReadAction\",\"target\":[\"https:\/\/contiq.com.br\/index.php\/inscricoes-e-alvaras\/\"]}]},{\"@type\":\"BreadcrumbList\",\"@id\":\"https:\/\/contiq.com.br\/index.php\/inscricoes-e-alvaras\/#breadcrumb\",\"itemListElement\":[{\"@type\":\"ListItem\",\"position\":1,\"name\":\"In\u00edcio\",\"item\":\"https:\/\/contiq.com.br\/\"},{\"@type\":\"ListItem\",\"position\":2,\"name\":\"Inscri\u00e7\u00f5es e Alvar\u00e1s\"}]},{\"@type\":\"WebSite\",\"@id\":\"https:\/\/contiq.com.br\/#website\",\"url\":\"https:\/\/contiq.com.br\/\",\"name\":\"Contiq\",\"description\":\"Contabilidade digital\",\"publisher\":{\"@id\":\"https:\/\/contiq.com.br\/#organization\"},\"potentialAction\":[{\"@type\":\"SearchAction\",\"target\":{\"@type\":\"EntryPoint\",\"urlTemplate\":\"https:\/\/contiq.com.br\/?s={search_term_string}\"},\"query-input\":\"required name=search_term_string\"}],\"inLanguage\":\"en-US\"},{\"@type\":\"Organization\",\"@id\":\"https:\/\/contiq.com.br\/#organization\",\"name\":\"Contiq\",\"url\":\"https:\/\/contiq.com.br\/\",\"logo\":{\"@type\":\"ImageObject\",\"inLanguage\":\"en-US\",\"@id\":\"https:\/\/contiq.com.br\/#\/schema\/logo\/image\/\",\"url\":\"https:\/\/contiq.com.br\/wp-content\/uploads\/2023\/05\/ssAtivo-2LOGO-CONTIQ.svg\",\"contentUrl\":\"https:\/\/contiq.com.br\/wp-content\/uploads\/2023\/05\/ssAtivo-2LOGO-CONTIQ.svg\",\"width\":1479,\"height\":372,\"caption\":\"Contiq\"},\"image\":{\"@id\":\"https:\/\/contiq.com.br\/#\/schema\/logo\/image\/\"}}]}<\/script>\n<!-- \/ Yoast SEO plugin. -->","yoast_head_json":{"title":"Inscri\u00e7\u00f5es e Alvar\u00e1s - Contiq","robots":{"index":"index","follow":"follow","max-snippet":"max-snippet:-1","max-image-preview":"max-image-preview:large","max-video-preview":"max-video-preview:-1"},"canonical":"https:\/\/contiq.com.br\/index.php\/inscricoes-e-alvaras\/","og_locale":"en_US","og_type":"article","og_title":"Inscri\u00e7\u00f5es e Alvar\u00e1s - Contiq","og_description":"Inscri\u00e7\u00f5es e Alvar\u00e1s Prefeitura; Vigil\u00e2ncia Sanit\u00e1ria; Corpo de Bombeiro; Receita Federal &#8211; CNPJ; Receita Estadual &#8211; ICMS.","og_url":"https:\/\/contiq.com.br\/index.php\/inscricoes-e-alvaras\/","og_site_name":"Contiq","article_modified_time":"2023-05-24T14:29:20+00:00","og_image":[{"url":"https:\/\/contiq.com.br\/wp-content\/uploads\/2023\/05\/IMG_8616-1807-aspect-ratio-500x350-1-300x210.jpg"}],"twitter_card":"summary_large_image","twitter_misc":{"Est. reading time":"1 minute"},"schema":{"@context":"https:\/\/schema.org","@graph":[{"@type":"WebPage","@id":"https:\/\/contiq.com.br\/index.php\/inscricoes-e-alvaras\/","url":"https:\/\/contiq.com.br\/index.php\/inscricoes-e-alvaras\/","name":"Inscri\u00e7\u00f5es e Alvar\u00e1s - Contiq","isPartOf":{"@id":"https:\/\/contiq.com.br\/#website"},"datePublished":"2023-05-22T13:58:09+00:00","dateModified":"2023-05-24T14:29:20+00:00","breadcrumb":{"@id":"https:\/\/contiq.com.br\/index.php\/inscricoes-e-alvaras\/#breadcrumb"},"inLanguage":"en-US","potentialAction":[{"@type":"ReadAction","target":["https:\/\/contiq.com.br\/index.php\/inscricoes-e-alvaras\/"]}]},{"@type":"BreadcrumbList","@id":"https:\/\/contiq.com.br\/index.php\/inscricoes-e-alvaras\/#breadcrumb","itemListElement":[{"@type":"ListItem","position":1,"name":"In\u00edcio","item":"https:\/\/contiq.com.br\/"},{"@type":"ListItem","position":2,"name":"Inscri\u00e7\u00f5es e Alvar\u00e1s"}]},{"@type":"WebSite","@id":"https:\/\/contiq.com.br\/#website","url":"https:\/\/contiq.com.br\/","name":"Contiq","description":"Contabilidade digital","publisher":{"@id":"https:\/\/contiq.com.br\/#organization"},"potentialAction":[{"@type":"SearchAction","target":{"@type":"EntryPoint","urlTemplate":"https:\/\/contiq.com.br\/?s={search_term_string}"},"query-input":"required name=search_term_string"}],"inLanguage":"en-US"},{"@type":"Organization","@id":"https:\/\/contiq.com.br\/#organization","name":"Contiq","url":"https:\/\/contiq.com.br\/","logo":{"@type":"ImageObject","inLanguage":"en-US","@id":"https:\/\/contiq.com.br\/#\/schema\/logo\/image\/","url":"https:\/\/contiq.com.br\/wp-content\/uploads\/2023\/05\/ssAtivo-2LOGO-CONTIQ.svg","contentUrl":"https:\/\/contiq.com.br\/wp-content\/uploads\/2023\/05\/ssAtivo-2LOGO-CONTIQ.svg","width":1479,"height":372,"caption":"Contiq"},"image":{"@id":"https:\/\/contiq.com.br\/#\/schema\/logo\/image\/"}}]}},"_links":{"self":[{"href":"https:\/\/contiq.com.br\/index.php\/wp-json\/wp\/v2\/pages\/359","targetHints":{"allow":["GET"]}}],"collection":[{"href":"https:\/\/contiq.com.br\/index.php\/wp-json\/wp\/v2\/pages"}],"about":[{"href":"https:\/\/contiq.com.br\/index.php\/wp-json\/wp\/v2\/types\/page"}],"author":[{"embeddable":true,"href":"https:\/\/contiq.com.br\/index.php\/wp-json\/wp\/v2\/users\/1"}],"replies":[{"embeddable":true,"href":"https:\/\/contiq.com.br\/index.php\/wp-json\/wp\/v2\/comments?post=359"}],"version-history":[{"count":4,"href":"https:\/\/contiq.com.br\/index.php\/wp-json\/wp\/v2\/pages\/359\/revisions"}],"predecessor-version":[{"id":389,"href":"https:\/\/contiq.com.br\/index.php\/wp-json\/wp\/v2\/pages\/359\/revisions\/389"}],"wp:attachment":[{"href":"https:\/\/contiq.com.br\/index.php\/wp-json\/wp\/v2\/media?parent=359"}],"curies":[{"name":"wp","href":"https:\/\/api.w.org\/{rel}","templated":true}]}}